{"id":8250,"date":"2020-05-14T08:16:28","date_gmt":"2020-05-14T07:16:28","guid":{"rendered":"https:\/\/www.traceysolicitors.ie\/lesoes\/"},"modified":"2025-08-03T13:11:56","modified_gmt":"2025-08-03T12:11:56","slug":"lesoes","status":"publish","type":"page","link":"https:\/\/www.traceysolicitors.ie\/pt-br\/lesoes\/","title":{"rendered":"Les\u00f5es*"},"content":{"rendered":"","protected":false},"excerpt":{"rendered":"","protected":false},"author":1,"featured_media":0,"parent":0,"menu_order":113,"comment_status":"closed","ping_status":"closed","template":"injuries-page.php","meta":{"_acf_changed":false,"inline_featured_image":false,"footnotes":""},"categories":[127],"class_list":["post-8250","page","type-page","status-publish","hentry","category-legal-services-pt-br"],"acf":[],"yoast_head":"<!-- This site is optimized with the Yoast SEO plugin v27.5 - https:\/\/yoast.com\/product\/yoast-seo-wordpress\/ -->\n<title>Les\u00f5es* - Tracey Solicitors LLP<\/title>\n<meta name=\"description\" content=\"Desde les\u00f5es cervicais e les\u00f5es nos tecidos moles at\u00e9 h\u00e9rnias de disco no trabalho e at\u00e9 mesmo les\u00f5es psicol\u00f3gicas, a Tracey Solicitors LLP pode ajud\u00e1-lo(a) com o seu caso de les\u00f5es pessoais.\" \/>\n<meta name=\"robots\" content=\"index, follow, max-snippet:-1, max-image-preview:large, max-video-preview:-1\" \/>\n<link rel=\"canonical\" href=\"https:\/\/www.traceysolicitors.ie\/pt-br\/lesoes\/\" \/>\n<meta property=\"og:locale\" content=\"pt_BR\" \/>\n<meta property=\"og:type\" content=\"article\" \/>\n<meta property=\"og:title\" content=\"Les\u00f5es* - Tracey Solicitors LLP\" \/>\n<meta property=\"og:description\" content=\"Desde les\u00f5es cervicais e les\u00f5es nos tecidos moles at\u00e9 h\u00e9rnias de disco no trabalho e at\u00e9 mesmo les\u00f5es psicol\u00f3gicas, a Tracey Solicitors LLP pode ajud\u00e1-lo(a) com o seu caso de les\u00f5es pessoais.\" \/>\n<meta property=\"og:url\" content=\"https:\/\/www.traceysolicitors.ie\/pt-br\/lesoes\/\" \/>\n<meta property=\"og:site_name\" content=\"Tracey Solicitors LLP\" \/>\n<meta property=\"article:modified_time\" content=\"2025-08-03T12:11:56+00:00\" \/>\n<meta name=\"twitter:card\" content=\"summary_large_image\" \/>\n<script type=\"application\/ld+json\" class=\"yoast-schema-graph\">{\"@context\":\"https:\\\/\\\/schema.org\",\"@graph\":[{\"@type\":\"WebPage\",\"@id\":\"https:\\\/\\\/www.traceysolicitors.ie\\\/pt-br\\\/lesoes\\\/\",\"url\":\"https:\\\/\\\/www.traceysolicitors.ie\\\/pt-br\\\/lesoes\\\/\",\"name\":\"Les\u00f5es* - Tracey Solicitors LLP\",\"isPartOf\":{\"@id\":\"https:\\\/\\\/www.traceysolicitors.ie\\\/pt-br\\\/#website\"},\"datePublished\":\"2020-05-14T07:16:28+00:00\",\"dateModified\":\"2025-08-03T12:11:56+00:00\",\"description\":\"Desde les\u00f5es cervicais e les\u00f5es nos tecidos moles at\u00e9 h\u00e9rnias de disco no trabalho e at\u00e9 mesmo les\u00f5es psicol\u00f3gicas, a Tracey Solicitors LLP pode ajud\u00e1-lo(a) com o seu caso de les\u00f5es pessoais.\",\"breadcrumb\":{\"@id\":\"https:\\\/\\\/www.traceysolicitors.ie\\\/pt-br\\\/lesoes\\\/#breadcrumb\"},\"inLanguage\":\"pt-BR\",\"potentialAction\":[{\"@type\":\"ReadAction\",\"target\":[\"https:\\\/\\\/www.traceysolicitors.ie\\\/pt-br\\\/lesoes\\\/\"]}]},{\"@type\":\"BreadcrumbList\",\"@id\":\"https:\\\/\\\/www.traceysolicitors.ie\\\/pt-br\\\/lesoes\\\/#breadcrumb\",\"itemListElement\":[{\"@type\":\"ListItem\",\"position\":1,\"name\":\"Home\",\"item\":\"https:\\\/\\\/www.traceysolicitors.ie\\\/pt-br\\\/\"},{\"@type\":\"ListItem\",\"position\":2,\"name\":\"Les\u00f5es*\"}]},{\"@type\":\"WebSite\",\"@id\":\"https:\\\/\\\/www.traceysolicitors.ie\\\/pt-br\\\/#website\",\"url\":\"https:\\\/\\\/www.traceysolicitors.ie\\\/pt-br\\\/\",\"name\":\"Tracey Solicitors LLP\",\"description\":\"Personal Injury Solicitors, Dublin\",\"publisher\":{\"@id\":\"https:\\\/\\\/www.traceysolicitors.ie\\\/pt-br\\\/#organization\"},\"potentialAction\":[{\"@type\":\"SearchAction\",\"target\":{\"@type\":\"EntryPoint\",\"urlTemplate\":\"https:\\\/\\\/www.traceysolicitors.ie\\\/pt-br\\\/?s={search_term_string}\"},\"query-input\":{\"@type\":\"PropertyValueSpecification\",\"valueRequired\":true,\"valueName\":\"search_term_string\"}}],\"inLanguage\":\"pt-BR\"},{\"@type\":\"Organization\",\"@id\":\"https:\\\/\\\/www.traceysolicitors.ie\\\/pt-br\\\/#organization\",\"name\":\"Tracey Solicitors LLP\",\"url\":\"https:\\\/\\\/www.traceysolicitors.ie\\\/pt-br\\\/\",\"logo\":{\"@type\":\"ImageObject\",\"inLanguage\":\"pt-BR\",\"@id\":\"https:\\\/\\\/www.traceysolicitors.ie\\\/pt-br\\\/#\\\/schema\\\/logo\\\/image\\\/\",\"url\":\"\",\"contentUrl\":\"\",\"caption\":\"Tracey Solicitors LLP\"},\"image\":{\"@id\":\"https:\\\/\\\/www.traceysolicitors.ie\\\/pt-br\\\/#\\\/schema\\\/logo\\\/image\\\/\"}}]}<\/script>\n<!-- \/ Yoast SEO plugin. -->","yoast_head_json":{"title":"Les\u00f5es* - Tracey Solicitors LLP","description":"Desde les\u00f5es cervicais e les\u00f5es nos tecidos moles at\u00e9 h\u00e9rnias de disco no trabalho e at\u00e9 mesmo les\u00f5es psicol\u00f3gicas, a Tracey Solicitors LLP pode ajud\u00e1-lo(a) com o seu caso de les\u00f5es pessoais.","robots":{"index":"index","follow":"follow","max-snippet":"max-snippet:-1","max-image-preview":"max-image-preview:large","max-video-preview":"max-video-preview:-1"},"canonical":"https:\/\/www.traceysolicitors.ie\/pt-br\/lesoes\/","og_locale":"pt_BR","og_type":"article","og_title":"Les\u00f5es* - Tracey Solicitors LLP","og_description":"Desde les\u00f5es cervicais e les\u00f5es nos tecidos moles at\u00e9 h\u00e9rnias de disco no trabalho e at\u00e9 mesmo les\u00f5es psicol\u00f3gicas, a Tracey Solicitors LLP pode ajud\u00e1-lo(a) com o seu caso de les\u00f5es pessoais.","og_url":"https:\/\/www.traceysolicitors.ie\/pt-br\/lesoes\/","og_site_name":"Tracey Solicitors LLP","article_modified_time":"2025-08-03T12:11:56+00:00","twitter_card":"summary_large_image","schema":{"@context":"https:\/\/schema.org","@graph":[{"@type":"WebPage","@id":"https:\/\/www.traceysolicitors.ie\/pt-br\/lesoes\/","url":"https:\/\/www.traceysolicitors.ie\/pt-br\/lesoes\/","name":"Les\u00f5es* - Tracey Solicitors LLP","isPartOf":{"@id":"https:\/\/www.traceysolicitors.ie\/pt-br\/#website"},"datePublished":"2020-05-14T07:16:28+00:00","dateModified":"2025-08-03T12:11:56+00:00","description":"Desde les\u00f5es cervicais e les\u00f5es nos tecidos moles at\u00e9 h\u00e9rnias de disco no trabalho e at\u00e9 mesmo les\u00f5es psicol\u00f3gicas, a Tracey Solicitors LLP pode ajud\u00e1-lo(a) com o seu caso de les\u00f5es pessoais.","breadcrumb":{"@id":"https:\/\/www.traceysolicitors.ie\/pt-br\/lesoes\/#breadcrumb"},"inLanguage":"pt-BR","potentialAction":[{"@type":"ReadAction","target":["https:\/\/www.traceysolicitors.ie\/pt-br\/lesoes\/"]}]},{"@type":"BreadcrumbList","@id":"https:\/\/www.traceysolicitors.ie\/pt-br\/lesoes\/#breadcrumb","itemListElement":[{"@type":"ListItem","position":1,"name":"Home","item":"https:\/\/www.traceysolicitors.ie\/pt-br\/"},{"@type":"ListItem","position":2,"name":"Les\u00f5es*"}]},{"@type":"WebSite","@id":"https:\/\/www.traceysolicitors.ie\/pt-br\/#website","url":"https:\/\/www.traceysolicitors.ie\/pt-br\/","name":"Tracey Solicitors LLP","description":"Personal Injury Solicitors, Dublin","publisher":{"@id":"https:\/\/www.traceysolicitors.ie\/pt-br\/#organization"},"potentialAction":[{"@type":"SearchAction","target":{"@type":"EntryPoint","urlTemplate":"https:\/\/www.traceysolicitors.ie\/pt-br\/?s={search_term_string}"},"query-input":{"@type":"PropertyValueSpecification","valueRequired":true,"valueName":"search_term_string"}}],"inLanguage":"pt-BR"},{"@type":"Organization","@id":"https:\/\/www.traceysolicitors.ie\/pt-br\/#organization","name":"Tracey Solicitors LLP","url":"https:\/\/www.traceysolicitors.ie\/pt-br\/","logo":{"@type":"ImageObject","inLanguage":"pt-BR","@id":"https:\/\/www.traceysolicitors.ie\/pt-br\/#\/schema\/logo\/image\/","url":"","contentUrl":"","caption":"Tracey Solicitors LLP"},"image":{"@id":"https:\/\/www.traceysolicitors.ie\/pt-br\/#\/schema\/logo\/image\/"}}]}},"_links":{"self":[{"href":"https:\/\/www.traceysolicitors.ie\/pt-br\/wp-json\/wp\/v2\/pages\/8250","targetHints":{"allow":["GET"]}}],"collection":[{"href":"https:\/\/www.traceysolicitors.ie\/pt-br\/wp-json\/wp\/v2\/pages"}],"about":[{"href":"https:\/\/www.traceysolicitors.ie\/pt-br\/wp-json\/wp\/v2\/types\/page"}],"author":[{"embeddable":true,"href":"https:\/\/www.traceysolicitors.ie\/pt-br\/wp-json\/wp\/v2\/users\/1"}],"replies":[{"embeddable":true,"href":"https:\/\/www.traceysolicitors.ie\/pt-br\/wp-json\/wp\/v2\/comments?post=8250"}],"version-history":[{"count":1,"href":"https:\/\/www.traceysolicitors.ie\/pt-br\/wp-json\/wp\/v2\/pages\/8250\/revisions"}],"predecessor-version":[{"id":8251,"href":"https:\/\/www.traceysolicitors.ie\/pt-br\/wp-json\/wp\/v2\/pages\/8250\/revisions\/8251"}],"wp:attachment":[{"href":"https:\/\/www.traceysolicitors.ie\/pt-br\/wp-json\/wp\/v2\/media?parent=8250"}],"wp:term":[{"taxonomy":"category","embeddable":true,"href":"https:\/\/www.traceysolicitors.ie\/pt-br\/wp-json\/wp\/v2\/categories?post=8250"}],"curies":[{"name":"wp","href":"https:\/\/api.w.org\/{rel}","templated":true}]}}