{"id":7747,"date":"2025-03-10T16:08:08","date_gmt":"2025-03-10T16:08:08","guid":{"rendered":"https:\/\/www.traceysolicitors.ie\/estudos-de-caso\/"},"modified":"2025-03-10T16:08:08","modified_gmt":"2025-03-10T16:08:08","slug":"estudos-de-caso","status":"publish","type":"page","link":"https:\/\/www.traceysolicitors.ie\/pt-br\/estudos-de-caso\/","title":{"rendered":"Estudos de caso"},"content":{"rendered":"","protected":false},"excerpt":{"rendered":"","protected":false},"author":1,"featured_media":0,"parent":0,"menu_order":93,"comment_status":"closed","ping_status":"closed","template":"case-studies-page.php","meta":{"_acf_changed":false,"inline_featured_image":false,"footnotes":""},"categories":[125],"class_list":["post-7747","page","type-page","status-publish","hentry","category-about-tracey-solicitors-pt-br"],"acf":[],"yoast_head":"<!-- This site is optimized with the Yoast SEO plugin v27.4 - https:\/\/yoast.com\/product\/yoast-seo-wordpress\/ -->\n<title>Estudos de caso - Tracey Solicitors LLP<\/title>\n<meta name=\"description\" content=\"A Tracey Solicitors LLP sempre oferece solu\u00e7\u00f5es jur\u00eddicas eficazes para obter o melhor resultado poss\u00edvel para nossos clientes.\" \/>\n<meta name=\"robots\" content=\"index, follow, max-snippet:-1, max-image-preview:large, max-video-preview:-1\" \/>\n<link rel=\"canonical\" href=\"https:\/\/www.traceysolicitors.ie\/pt-br\/estudos-de-caso\/\" \/>\n<meta property=\"og:locale\" content=\"pt_BR\" \/>\n<meta property=\"og:type\" content=\"article\" \/>\n<meta property=\"og:title\" content=\"Estudos de caso - Tracey Solicitors LLP\" \/>\n<meta property=\"og:description\" content=\"A Tracey Solicitors LLP sempre oferece solu\u00e7\u00f5es jur\u00eddicas eficazes para obter o melhor resultado poss\u00edvel para nossos clientes.\" \/>\n<meta property=\"og:url\" content=\"https:\/\/www.traceysolicitors.ie\/pt-br\/estudos-de-caso\/\" \/>\n<meta property=\"og:site_name\" content=\"Tracey Solicitors LLP\" \/>\n<meta name=\"twitter:card\" content=\"summary_large_image\" \/>\n<script type=\"application\/ld+json\" class=\"yoast-schema-graph\">{\"@context\":\"https:\\\/\\\/schema.org\",\"@graph\":[{\"@type\":\"WebPage\",\"@id\":\"https:\\\/\\\/www.traceysolicitors.ie\\\/pt-br\\\/estudos-de-caso\\\/\",\"url\":\"https:\\\/\\\/www.traceysolicitors.ie\\\/pt-br\\\/estudos-de-caso\\\/\",\"name\":\"Estudos de caso - Tracey Solicitors LLP\",\"isPartOf\":{\"@id\":\"https:\\\/\\\/www.traceysolicitors.ie\\\/pt-br\\\/#website\"},\"datePublished\":\"2025-03-10T16:08:08+00:00\",\"description\":\"A Tracey Solicitors LLP sempre oferece solu\u00e7\u00f5es jur\u00eddicas eficazes para obter o melhor resultado poss\u00edvel para nossos clientes.\",\"breadcrumb\":{\"@id\":\"https:\\\/\\\/www.traceysolicitors.ie\\\/pt-br\\\/estudos-de-caso\\\/#breadcrumb\"},\"inLanguage\":\"pt-BR\",\"potentialAction\":[{\"@type\":\"ReadAction\",\"target\":[\"https:\\\/\\\/www.traceysolicitors.ie\\\/pt-br\\\/estudos-de-caso\\\/\"]}]},{\"@type\":\"BreadcrumbList\",\"@id\":\"https:\\\/\\\/www.traceysolicitors.ie\\\/pt-br\\\/estudos-de-caso\\\/#breadcrumb\",\"itemListElement\":[{\"@type\":\"ListItem\",\"position\":1,\"name\":\"Home\",\"item\":\"https:\\\/\\\/www.traceysolicitors.ie\\\/pt-br\\\/\"},{\"@type\":\"ListItem\",\"position\":2,\"name\":\"Estudos de caso\"}]},{\"@type\":\"WebSite\",\"@id\":\"https:\\\/\\\/www.traceysolicitors.ie\\\/pt-br\\\/#website\",\"url\":\"https:\\\/\\\/www.traceysolicitors.ie\\\/pt-br\\\/\",\"name\":\"Tracey Solicitors LLP\",\"description\":\"Personal Injury Solicitors, Dublin\",\"publisher\":{\"@id\":\"https:\\\/\\\/www.traceysolicitors.ie\\\/pt-br\\\/#organization\"},\"potentialAction\":[{\"@type\":\"SearchAction\",\"target\":{\"@type\":\"EntryPoint\",\"urlTemplate\":\"https:\\\/\\\/www.traceysolicitors.ie\\\/pt-br\\\/?s={search_term_string}\"},\"query-input\":{\"@type\":\"PropertyValueSpecification\",\"valueRequired\":true,\"valueName\":\"search_term_string\"}}],\"inLanguage\":\"pt-BR\"},{\"@type\":\"Organization\",\"@id\":\"https:\\\/\\\/www.traceysolicitors.ie\\\/pt-br\\\/#organization\",\"name\":\"Tracey Solicitors LLP\",\"url\":\"https:\\\/\\\/www.traceysolicitors.ie\\\/pt-br\\\/\",\"logo\":{\"@type\":\"ImageObject\",\"inLanguage\":\"pt-BR\",\"@id\":\"https:\\\/\\\/www.traceysolicitors.ie\\\/pt-br\\\/#\\\/schema\\\/logo\\\/image\\\/\",\"url\":\"\",\"contentUrl\":\"\",\"caption\":\"Tracey Solicitors LLP\"},\"image\":{\"@id\":\"https:\\\/\\\/www.traceysolicitors.ie\\\/pt-br\\\/#\\\/schema\\\/logo\\\/image\\\/\"}}]}<\/script>\n<!-- \/ Yoast SEO plugin. -->","yoast_head_json":{"title":"Estudos de caso - Tracey Solicitors LLP","description":"A Tracey Solicitors LLP sempre oferece solu\u00e7\u00f5es jur\u00eddicas eficazes para obter o melhor resultado poss\u00edvel para nossos clientes.","robots":{"index":"index","follow":"follow","max-snippet":"max-snippet:-1","max-image-preview":"max-image-preview:large","max-video-preview":"max-video-preview:-1"},"canonical":"https:\/\/www.traceysolicitors.ie\/pt-br\/estudos-de-caso\/","og_locale":"pt_BR","og_type":"article","og_title":"Estudos de caso - Tracey Solicitors LLP","og_description":"A Tracey Solicitors LLP sempre oferece solu\u00e7\u00f5es jur\u00eddicas eficazes para obter o melhor resultado poss\u00edvel para nossos clientes.","og_url":"https:\/\/www.traceysolicitors.ie\/pt-br\/estudos-de-caso\/","og_site_name":"Tracey Solicitors LLP","twitter_card":"summary_large_image","schema":{"@context":"https:\/\/schema.org","@graph":[{"@type":"WebPage","@id":"https:\/\/www.traceysolicitors.ie\/pt-br\/estudos-de-caso\/","url":"https:\/\/www.traceysolicitors.ie\/pt-br\/estudos-de-caso\/","name":"Estudos de caso - Tracey Solicitors LLP","isPartOf":{"@id":"https:\/\/www.traceysolicitors.ie\/pt-br\/#website"},"datePublished":"2025-03-10T16:08:08+00:00","description":"A Tracey Solicitors LLP sempre oferece solu\u00e7\u00f5es jur\u00eddicas eficazes para obter o melhor resultado poss\u00edvel para nossos clientes.","breadcrumb":{"@id":"https:\/\/www.traceysolicitors.ie\/pt-br\/estudos-de-caso\/#breadcrumb"},"inLanguage":"pt-BR","potentialAction":[{"@type":"ReadAction","target":["https:\/\/www.traceysolicitors.ie\/pt-br\/estudos-de-caso\/"]}]},{"@type":"BreadcrumbList","@id":"https:\/\/www.traceysolicitors.ie\/pt-br\/estudos-de-caso\/#breadcrumb","itemListElement":[{"@type":"ListItem","position":1,"name":"Home","item":"https:\/\/www.traceysolicitors.ie\/pt-br\/"},{"@type":"ListItem","position":2,"name":"Estudos de caso"}]},{"@type":"WebSite","@id":"https:\/\/www.traceysolicitors.ie\/pt-br\/#website","url":"https:\/\/www.traceysolicitors.ie\/pt-br\/","name":"Tracey Solicitors LLP","description":"Personal Injury Solicitors, Dublin","publisher":{"@id":"https:\/\/www.traceysolicitors.ie\/pt-br\/#organization"},"potentialAction":[{"@type":"SearchAction","target":{"@type":"EntryPoint","urlTemplate":"https:\/\/www.traceysolicitors.ie\/pt-br\/?s={search_term_string}"},"query-input":{"@type":"PropertyValueSpecification","valueRequired":true,"valueName":"search_term_string"}}],"inLanguage":"pt-BR"},{"@type":"Organization","@id":"https:\/\/www.traceysolicitors.ie\/pt-br\/#organization","name":"Tracey Solicitors LLP","url":"https:\/\/www.traceysolicitors.ie\/pt-br\/","logo":{"@type":"ImageObject","inLanguage":"pt-BR","@id":"https:\/\/www.traceysolicitors.ie\/pt-br\/#\/schema\/logo\/image\/","url":"","contentUrl":"","caption":"Tracey Solicitors LLP"},"image":{"@id":"https:\/\/www.traceysolicitors.ie\/pt-br\/#\/schema\/logo\/image\/"}}]}},"_links":{"self":[{"href":"https:\/\/www.traceysolicitors.ie\/pt-br\/wp-json\/wp\/v2\/pages\/7747","targetHints":{"allow":["GET"]}}],"collection":[{"href":"https:\/\/www.traceysolicitors.ie\/pt-br\/wp-json\/wp\/v2\/pages"}],"about":[{"href":"https:\/\/www.traceysolicitors.ie\/pt-br\/wp-json\/wp\/v2\/types\/page"}],"author":[{"embeddable":true,"href":"https:\/\/www.traceysolicitors.ie\/pt-br\/wp-json\/wp\/v2\/users\/1"}],"replies":[{"embeddable":true,"href":"https:\/\/www.traceysolicitors.ie\/pt-br\/wp-json\/wp\/v2\/comments?post=7747"}],"version-history":[{"count":0,"href":"https:\/\/www.traceysolicitors.ie\/pt-br\/wp-json\/wp\/v2\/pages\/7747\/revisions"}],"wp:attachment":[{"href":"https:\/\/www.traceysolicitors.ie\/pt-br\/wp-json\/wp\/v2\/media?parent=7747"}],"wp:term":[{"taxonomy":"category","embeddable":true,"href":"https:\/\/www.traceysolicitors.ie\/pt-br\/wp-json\/wp\/v2\/categories?post=7747"}],"curies":[{"name":"wp","href":"https:\/\/api.w.org\/{rel}","templated":true}]}}