{"id":5058,"date":"2022-02-23T16:34:41","date_gmt":"2022-02-23T16:34:41","guid":{"rendered":"https:\/\/www.traceysolicitors.ie\/acidente-em-local-publico\/"},"modified":"2022-08-16T15:22:08","modified_gmt":"2022-08-16T14:22:08","slug":"acidente-em-local-publico","status":"publish","type":"page","link":"https:\/\/www.traceysolicitors.ie\/pt-br\/acidente-em-local-publico\/","title":{"rendered":"Acidente em Local P\u00fablico*"},"content":{"rendered":"","protected":false},"excerpt":{"rendered":"","protected":false},"author":1,"featured_media":0,"parent":0,"menu_order":75,"comment_status":"closed","ping_status":"closed","template":"accident-claim-page.php","meta":{"_acf_changed":false,"inline_featured_image":false,"footnotes":""},"categories":[127],"class_list":["post-5058","page","type-page","status-publish","hentry","category-legal-services-pt-br"],"acf":[],"yoast_head":"<!-- This site is optimized with the Yoast SEO plugin v27.5 - https:\/\/yoast.com\/product\/yoast-seo-wordpress\/ -->\n<title>Acidente em Local P\u00fablico* | Tracey Solicitors LLP<\/title>\n<meta name=\"description\" content=\"Voc\u00ea teve um acidente em local p\u00fablico? Dependendo da situa\u00e7\u00e3o, voc\u00ea pode ter direito a ser ressarcido pelos danos experimentados. Fale com um especialista em Danos Pessoais.\" \/>\n<meta name=\"robots\" content=\"index, follow, max-snippet:-1, max-image-preview:large, max-video-preview:-1\" \/>\n<link rel=\"canonical\" href=\"https:\/\/www.traceysolicitors.ie\/pt-br\/acidente-em-local-publico\/\" \/>\n<meta property=\"og:locale\" content=\"pt_BR\" \/>\n<meta property=\"og:type\" content=\"article\" \/>\n<meta property=\"og:title\" content=\"Acidente em Local P\u00fablico* | Tracey Solicitors LLP\" \/>\n<meta property=\"og:description\" content=\"Voc\u00ea teve um acidente em local p\u00fablico? Dependendo da situa\u00e7\u00e3o, voc\u00ea pode ter direito a ser ressarcido pelos danos experimentados. Fale com um especialista em Danos Pessoais.\" \/>\n<meta property=\"og:url\" content=\"https:\/\/www.traceysolicitors.ie\/pt-br\/acidente-em-local-publico\/\" \/>\n<meta property=\"og:site_name\" content=\"Tracey Solicitors LLP\" \/>\n<meta property=\"article:modified_time\" content=\"2022-08-16T14:22:08+00:00\" \/>\n<meta name=\"twitter:card\" content=\"summary_large_image\" \/>\n<script type=\"application\/ld+json\" class=\"yoast-schema-graph\">{\"@context\":\"https:\\\/\\\/schema.org\",\"@graph\":[{\"@type\":\"WebPage\",\"@id\":\"https:\\\/\\\/www.traceysolicitors.ie\\\/pt-br\\\/acidente-em-local-publico\\\/\",\"url\":\"https:\\\/\\\/www.traceysolicitors.ie\\\/pt-br\\\/acidente-em-local-publico\\\/\",\"name\":\"Acidente em Local P\u00fablico* | Tracey Solicitors LLP\",\"isPartOf\":{\"@id\":\"https:\\\/\\\/www.traceysolicitors.ie\\\/pt-br\\\/#website\"},\"datePublished\":\"2022-02-23T16:34:41+00:00\",\"dateModified\":\"2022-08-16T14:22:08+00:00\",\"description\":\"Voc\u00ea teve um acidente em local p\u00fablico? Dependendo da situa\u00e7\u00e3o, voc\u00ea pode ter direito a ser ressarcido pelos danos experimentados. Fale com um especialista em Danos Pessoais.\",\"breadcrumb\":{\"@id\":\"https:\\\/\\\/www.traceysolicitors.ie\\\/pt-br\\\/acidente-em-local-publico\\\/#breadcrumb\"},\"inLanguage\":\"pt-BR\",\"potentialAction\":[{\"@type\":\"ReadAction\",\"target\":[\"https:\\\/\\\/www.traceysolicitors.ie\\\/pt-br\\\/acidente-em-local-publico\\\/\"]}]},{\"@type\":\"BreadcrumbList\",\"@id\":\"https:\\\/\\\/www.traceysolicitors.ie\\\/pt-br\\\/acidente-em-local-publico\\\/#breadcrumb\",\"itemListElement\":[{\"@type\":\"ListItem\",\"position\":1,\"name\":\"Home\",\"item\":\"https:\\\/\\\/www.traceysolicitors.ie\\\/pt-br\\\/\"},{\"@type\":\"ListItem\",\"position\":2,\"name\":\"Acidente em Local P\u00fablico*\"}]},{\"@type\":\"WebSite\",\"@id\":\"https:\\\/\\\/www.traceysolicitors.ie\\\/pt-br\\\/#website\",\"url\":\"https:\\\/\\\/www.traceysolicitors.ie\\\/pt-br\\\/\",\"name\":\"Tracey Solicitors LLP\",\"description\":\"Personal Injury Solicitors, Dublin\",\"publisher\":{\"@id\":\"https:\\\/\\\/www.traceysolicitors.ie\\\/pt-br\\\/#organization\"},\"potentialAction\":[{\"@type\":\"SearchAction\",\"target\":{\"@type\":\"EntryPoint\",\"urlTemplate\":\"https:\\\/\\\/www.traceysolicitors.ie\\\/pt-br\\\/?s={search_term_string}\"},\"query-input\":{\"@type\":\"PropertyValueSpecification\",\"valueRequired\":true,\"valueName\":\"search_term_string\"}}],\"inLanguage\":\"pt-BR\"},{\"@type\":\"Organization\",\"@id\":\"https:\\\/\\\/www.traceysolicitors.ie\\\/pt-br\\\/#organization\",\"name\":\"Tracey Solicitors LLP\",\"url\":\"https:\\\/\\\/www.traceysolicitors.ie\\\/pt-br\\\/\",\"logo\":{\"@type\":\"ImageObject\",\"inLanguage\":\"pt-BR\",\"@id\":\"https:\\\/\\\/www.traceysolicitors.ie\\\/pt-br\\\/#\\\/schema\\\/logo\\\/image\\\/\",\"url\":\"\",\"contentUrl\":\"\",\"caption\":\"Tracey Solicitors LLP\"},\"image\":{\"@id\":\"https:\\\/\\\/www.traceysolicitors.ie\\\/pt-br\\\/#\\\/schema\\\/logo\\\/image\\\/\"}}]}<\/script>\n<!-- \/ Yoast SEO plugin. -->","yoast_head_json":{"title":"Acidente em Local P\u00fablico* | Tracey Solicitors LLP","description":"Voc\u00ea teve um acidente em local p\u00fablico? Dependendo da situa\u00e7\u00e3o, voc\u00ea pode ter direito a ser ressarcido pelos danos experimentados. Fale com um especialista em Danos Pessoais.","robots":{"index":"index","follow":"follow","max-snippet":"max-snippet:-1","max-image-preview":"max-image-preview:large","max-video-preview":"max-video-preview:-1"},"canonical":"https:\/\/www.traceysolicitors.ie\/pt-br\/acidente-em-local-publico\/","og_locale":"pt_BR","og_type":"article","og_title":"Acidente em Local P\u00fablico* | Tracey Solicitors LLP","og_description":"Voc\u00ea teve um acidente em local p\u00fablico? Dependendo da situa\u00e7\u00e3o, voc\u00ea pode ter direito a ser ressarcido pelos danos experimentados. Fale com um especialista em Danos Pessoais.","og_url":"https:\/\/www.traceysolicitors.ie\/pt-br\/acidente-em-local-publico\/","og_site_name":"Tracey Solicitors LLP","article_modified_time":"2022-08-16T14:22:08+00:00","twitter_card":"summary_large_image","schema":{"@context":"https:\/\/schema.org","@graph":[{"@type":"WebPage","@id":"https:\/\/www.traceysolicitors.ie\/pt-br\/acidente-em-local-publico\/","url":"https:\/\/www.traceysolicitors.ie\/pt-br\/acidente-em-local-publico\/","name":"Acidente em Local P\u00fablico* | Tracey Solicitors LLP","isPartOf":{"@id":"https:\/\/www.traceysolicitors.ie\/pt-br\/#website"},"datePublished":"2022-02-23T16:34:41+00:00","dateModified":"2022-08-16T14:22:08+00:00","description":"Voc\u00ea teve um acidente em local p\u00fablico? Dependendo da situa\u00e7\u00e3o, voc\u00ea pode ter direito a ser ressarcido pelos danos experimentados. Fale com um especialista em Danos Pessoais.","breadcrumb":{"@id":"https:\/\/www.traceysolicitors.ie\/pt-br\/acidente-em-local-publico\/#breadcrumb"},"inLanguage":"pt-BR","potentialAction":[{"@type":"ReadAction","target":["https:\/\/www.traceysolicitors.ie\/pt-br\/acidente-em-local-publico\/"]}]},{"@type":"BreadcrumbList","@id":"https:\/\/www.traceysolicitors.ie\/pt-br\/acidente-em-local-publico\/#breadcrumb","itemListElement":[{"@type":"ListItem","position":1,"name":"Home","item":"https:\/\/www.traceysolicitors.ie\/pt-br\/"},{"@type":"ListItem","position":2,"name":"Acidente em Local P\u00fablico*"}]},{"@type":"WebSite","@id":"https:\/\/www.traceysolicitors.ie\/pt-br\/#website","url":"https:\/\/www.traceysolicitors.ie\/pt-br\/","name":"Tracey Solicitors LLP","description":"Personal Injury Solicitors, Dublin","publisher":{"@id":"https:\/\/www.traceysolicitors.ie\/pt-br\/#organization"},"potentialAction":[{"@type":"SearchAction","target":{"@type":"EntryPoint","urlTemplate":"https:\/\/www.traceysolicitors.ie\/pt-br\/?s={search_term_string}"},"query-input":{"@type":"PropertyValueSpecification","valueRequired":true,"valueName":"search_term_string"}}],"inLanguage":"pt-BR"},{"@type":"Organization","@id":"https:\/\/www.traceysolicitors.ie\/pt-br\/#organization","name":"Tracey Solicitors LLP","url":"https:\/\/www.traceysolicitors.ie\/pt-br\/","logo":{"@type":"ImageObject","inLanguage":"pt-BR","@id":"https:\/\/www.traceysolicitors.ie\/pt-br\/#\/schema\/logo\/image\/","url":"","contentUrl":"","caption":"Tracey Solicitors LLP"},"image":{"@id":"https:\/\/www.traceysolicitors.ie\/pt-br\/#\/schema\/logo\/image\/"}}]}},"_links":{"self":[{"href":"https:\/\/www.traceysolicitors.ie\/pt-br\/wp-json\/wp\/v2\/pages\/5058","targetHints":{"allow":["GET"]}}],"collection":[{"href":"https:\/\/www.traceysolicitors.ie\/pt-br\/wp-json\/wp\/v2\/pages"}],"about":[{"href":"https:\/\/www.traceysolicitors.ie\/pt-br\/wp-json\/wp\/v2\/types\/page"}],"author":[{"embeddable":true,"href":"https:\/\/www.traceysolicitors.ie\/pt-br\/wp-json\/wp\/v2\/users\/1"}],"replies":[{"embeddable":true,"href":"https:\/\/www.traceysolicitors.ie\/pt-br\/wp-json\/wp\/v2\/comments?post=5058"}],"version-history":[{"count":1,"href":"https:\/\/www.traceysolicitors.ie\/pt-br\/wp-json\/wp\/v2\/pages\/5058\/revisions"}],"predecessor-version":[{"id":5088,"href":"https:\/\/www.traceysolicitors.ie\/pt-br\/wp-json\/wp\/v2\/pages\/5058\/revisions\/5088"}],"wp:attachment":[{"href":"https:\/\/www.traceysolicitors.ie\/pt-br\/wp-json\/wp\/v2\/media?parent=5058"}],"wp:term":[{"taxonomy":"category","embeddable":true,"href":"https:\/\/www.traceysolicitors.ie\/pt-br\/wp-json\/wp\/v2\/categories?post=5058"}],"curies":[{"name":"wp","href":"https:\/\/api.w.org\/{rel}","templated":true}]}}