{"id":5009,"date":"2020-06-03T14:12:41","date_gmt":"2020-06-03T13:12:41","guid":{"rendered":"https:\/\/www.traceysolicitors.ie\/home\/"},"modified":"2026-04-24T11:30:46","modified_gmt":"2026-04-24T10:30:46","slug":"home","status":"publish","type":"page","link":"https:\/\/www.traceysolicitors.ie\/pt-br\/","title":{"rendered":"Home"},"content":{"rendered":"","protected":false},"excerpt":{"rendered":"","protected":false},"author":1,"featured_media":0,"parent":0,"menu_order":107,"comment_status":"closed","ping_status":"closed","template":"","meta":{"_acf_changed":false,"inline_featured_image":false,"footnotes":""},"categories":[],"class_list":["post-5009","page","type-page","status-publish","hentry"],"acf":[],"yoast_head":"<!-- This site is optimized with the Yoast SEO plugin v27.4 - https:\/\/yoast.com\/product\/yoast-seo-wordpress\/ -->\n<title>Tracey Solicitors | Advogados Especializados em Danos Pessoais, Dublin &amp; Territ\u00f3rio Nacional<\/title>\n<meta name=\"description\" content=\"Com sede em Dublin e com uma trajet\u00f3ria de mais de 35 anos de experi\u00eancia, os advogados da Tracey Solicitors s\u00e3o especialistas premiados em Danos Pessoais e em Neglig\u00eancia M\u00e9dica. Sem jarg\u00e3o jur\u00eddico \u2013 aconselhamento jur\u00eddico da forma que voc\u00ea pode entender.\" \/>\n<meta name=\"robots\" content=\"index, follow, max-snippet:-1, max-image-preview:large, max-video-preview:-1\" \/>\n<link rel=\"canonical\" href=\"https:\/\/www.traceysolicitors.ie\/pt-br\/\" \/>\n<meta property=\"og:locale\" content=\"pt_BR\" \/>\n<meta property=\"og:type\" content=\"article\" \/>\n<meta property=\"og:title\" content=\"Tracey Solicitors | Advogados Especializados em Danos Pessoais, Dublin &amp; Territ\u00f3rio Nacional\" \/>\n<meta property=\"og:description\" content=\"Com sede em Dublin e com uma trajet\u00f3ria de mais de 35 anos de experi\u00eancia, os advogados da Tracey Solicitors s\u00e3o especialistas premiados em Danos Pessoais e em Neglig\u00eancia M\u00e9dica. Sem jarg\u00e3o jur\u00eddico \u2013 aconselhamento jur\u00eddico da forma que voc\u00ea pode entender.\" \/>\n<meta property=\"og:url\" content=\"https:\/\/www.traceysolicitors.ie\/pt-br\/\" \/>\n<meta property=\"og:site_name\" content=\"Tracey Solicitors LLP\" \/>\n<meta property=\"article:modified_time\" content=\"2026-04-24T10:30:46+00:00\" \/>\n<meta name=\"twitter:card\" content=\"summary_large_image\" \/>\n<script type=\"application\/ld+json\" class=\"yoast-schema-graph\">{\"@context\":\"https:\\\/\\\/schema.org\",\"@graph\":[{\"@type\":\"WebPage\",\"@id\":\"https:\\\/\\\/www.traceysolicitors.ie\\\/pt-br\\\/\",\"url\":\"https:\\\/\\\/www.traceysolicitors.ie\\\/pt-br\\\/\",\"name\":\"Tracey Solicitors | Advogados Especializados em Danos Pessoais, Dublin & Territ\u00f3rio Nacional\",\"isPartOf\":{\"@id\":\"https:\\\/\\\/www.traceysolicitors.ie\\\/pt-br\\\/#website\"},\"datePublished\":\"2020-06-03T13:12:41+00:00\",\"dateModified\":\"2026-04-24T10:30:46+00:00\",\"description\":\"Com sede em Dublin e com uma trajet\u00f3ria de mais de 35 anos de experi\u00eancia, os advogados da Tracey Solicitors s\u00e3o especialistas premiados em Danos Pessoais e em Neglig\u00eancia M\u00e9dica. Sem jarg\u00e3o jur\u00eddico \u2013 aconselhamento jur\u00eddico da forma que voc\u00ea pode entender.\",\"breadcrumb\":{\"@id\":\"https:\\\/\\\/www.traceysolicitors.ie\\\/pt-br\\\/#breadcrumb\"},\"inLanguage\":\"pt-BR\",\"potentialAction\":[{\"@type\":\"ReadAction\",\"target\":[\"https:\\\/\\\/www.traceysolicitors.ie\\\/pt-br\\\/\"]}]},{\"@type\":\"BreadcrumbList\",\"@id\":\"https:\\\/\\\/www.traceysolicitors.ie\\\/pt-br\\\/#breadcrumb\",\"itemListElement\":[{\"@type\":\"ListItem\",\"position\":1,\"name\":\"Home\",\"item\":\"https:\\\/\\\/www.traceysolicitors.ie\\\/pt-br\\\/\"},{\"@type\":\"ListItem\",\"position\":2,\"name\":\"Home\"}]},{\"@type\":\"WebSite\",\"@id\":\"https:\\\/\\\/www.traceysolicitors.ie\\\/pt-br\\\/#website\",\"url\":\"https:\\\/\\\/www.traceysolicitors.ie\\\/pt-br\\\/\",\"name\":\"Tracey Solicitors LLP\",\"description\":\"Personal Injury Solicitors, Dublin\",\"publisher\":{\"@id\":\"https:\\\/\\\/www.traceysolicitors.ie\\\/pt-br\\\/#organization\"},\"potentialAction\":[{\"@type\":\"SearchAction\",\"target\":{\"@type\":\"EntryPoint\",\"urlTemplate\":\"https:\\\/\\\/www.traceysolicitors.ie\\\/pt-br\\\/?s={search_term_string}\"},\"query-input\":{\"@type\":\"PropertyValueSpecification\",\"valueRequired\":true,\"valueName\":\"search_term_string\"}}],\"inLanguage\":\"pt-BR\"},{\"@type\":\"Organization\",\"@id\":\"https:\\\/\\\/www.traceysolicitors.ie\\\/pt-br\\\/#organization\",\"name\":\"Tracey Solicitors LLP\",\"url\":\"https:\\\/\\\/www.traceysolicitors.ie\\\/pt-br\\\/\",\"logo\":{\"@type\":\"ImageObject\",\"inLanguage\":\"pt-BR\",\"@id\":\"https:\\\/\\\/www.traceysolicitors.ie\\\/pt-br\\\/#\\\/schema\\\/logo\\\/image\\\/\",\"url\":\"\",\"contentUrl\":\"\",\"caption\":\"Tracey Solicitors LLP\"},\"image\":{\"@id\":\"https:\\\/\\\/www.traceysolicitors.ie\\\/pt-br\\\/#\\\/schema\\\/logo\\\/image\\\/\"}}]}<\/script>\n<!-- \/ Yoast SEO plugin. -->","yoast_head_json":{"title":"Tracey Solicitors | Advogados Especializados em Danos Pessoais, Dublin & Territ\u00f3rio Nacional","description":"Com sede em Dublin e com uma trajet\u00f3ria de mais de 35 anos de experi\u00eancia, os advogados da Tracey Solicitors s\u00e3o especialistas premiados em Danos Pessoais e em Neglig\u00eancia M\u00e9dica. Sem jarg\u00e3o jur\u00eddico \u2013 aconselhamento jur\u00eddico da forma que voc\u00ea pode entender.","robots":{"index":"index","follow":"follow","max-snippet":"max-snippet:-1","max-image-preview":"max-image-preview:large","max-video-preview":"max-video-preview:-1"},"canonical":"https:\/\/www.traceysolicitors.ie\/pt-br\/","og_locale":"pt_BR","og_type":"article","og_title":"Tracey Solicitors | Advogados Especializados em Danos Pessoais, Dublin & Territ\u00f3rio Nacional","og_description":"Com sede em Dublin e com uma trajet\u00f3ria de mais de 35 anos de experi\u00eancia, os advogados da Tracey Solicitors s\u00e3o especialistas premiados em Danos Pessoais e em Neglig\u00eancia M\u00e9dica. Sem jarg\u00e3o jur\u00eddico \u2013 aconselhamento jur\u00eddico da forma que voc\u00ea pode entender.","og_url":"https:\/\/www.traceysolicitors.ie\/pt-br\/","og_site_name":"Tracey Solicitors LLP","article_modified_time":"2026-04-24T10:30:46+00:00","twitter_card":"summary_large_image","schema":{"@context":"https:\/\/schema.org","@graph":[{"@type":"WebPage","@id":"https:\/\/www.traceysolicitors.ie\/pt-br\/","url":"https:\/\/www.traceysolicitors.ie\/pt-br\/","name":"Tracey Solicitors | Advogados Especializados em Danos Pessoais, Dublin & Territ\u00f3rio Nacional","isPartOf":{"@id":"https:\/\/www.traceysolicitors.ie\/pt-br\/#website"},"datePublished":"2020-06-03T13:12:41+00:00","dateModified":"2026-04-24T10:30:46+00:00","description":"Com sede em Dublin e com uma trajet\u00f3ria de mais de 35 anos de experi\u00eancia, os advogados da Tracey Solicitors s\u00e3o especialistas premiados em Danos Pessoais e em Neglig\u00eancia M\u00e9dica. Sem jarg\u00e3o jur\u00eddico \u2013 aconselhamento jur\u00eddico da forma que voc\u00ea pode entender.","breadcrumb":{"@id":"https:\/\/www.traceysolicitors.ie\/pt-br\/#breadcrumb"},"inLanguage":"pt-BR","potentialAction":[{"@type":"ReadAction","target":["https:\/\/www.traceysolicitors.ie\/pt-br\/"]}]},{"@type":"BreadcrumbList","@id":"https:\/\/www.traceysolicitors.ie\/pt-br\/#breadcrumb","itemListElement":[{"@type":"ListItem","position":1,"name":"Home","item":"https:\/\/www.traceysolicitors.ie\/pt-br\/"},{"@type":"ListItem","position":2,"name":"Home"}]},{"@type":"WebSite","@id":"https:\/\/www.traceysolicitors.ie\/pt-br\/#website","url":"https:\/\/www.traceysolicitors.ie\/pt-br\/","name":"Tracey Solicitors LLP","description":"Personal Injury Solicitors, Dublin","publisher":{"@id":"https:\/\/www.traceysolicitors.ie\/pt-br\/#organization"},"potentialAction":[{"@type":"SearchAction","target":{"@type":"EntryPoint","urlTemplate":"https:\/\/www.traceysolicitors.ie\/pt-br\/?s={search_term_string}"},"query-input":{"@type":"PropertyValueSpecification","valueRequired":true,"valueName":"search_term_string"}}],"inLanguage":"pt-BR"},{"@type":"Organization","@id":"https:\/\/www.traceysolicitors.ie\/pt-br\/#organization","name":"Tracey Solicitors LLP","url":"https:\/\/www.traceysolicitors.ie\/pt-br\/","logo":{"@type":"ImageObject","inLanguage":"pt-BR","@id":"https:\/\/www.traceysolicitors.ie\/pt-br\/#\/schema\/logo\/image\/","url":"","contentUrl":"","caption":"Tracey Solicitors LLP"},"image":{"@id":"https:\/\/www.traceysolicitors.ie\/pt-br\/#\/schema\/logo\/image\/"}}]}},"_links":{"self":[{"href":"https:\/\/www.traceysolicitors.ie\/pt-br\/wp-json\/wp\/v2\/pages\/5009","targetHints":{"allow":["GET"]}}],"collection":[{"href":"https:\/\/www.traceysolicitors.ie\/pt-br\/wp-json\/wp\/v2\/pages"}],"about":[{"href":"https:\/\/www.traceysolicitors.ie\/pt-br\/wp-json\/wp\/v2\/types\/page"}],"author":[{"embeddable":true,"href":"https:\/\/www.traceysolicitors.ie\/pt-br\/wp-json\/wp\/v2\/users\/1"}],"replies":[{"embeddable":true,"href":"https:\/\/www.traceysolicitors.ie\/pt-br\/wp-json\/wp\/v2\/comments?post=5009"}],"version-history":[{"count":1,"href":"https:\/\/www.traceysolicitors.ie\/pt-br\/wp-json\/wp\/v2\/pages\/5009\/revisions"}],"predecessor-version":[{"id":5012,"href":"https:\/\/www.traceysolicitors.ie\/pt-br\/wp-json\/wp\/v2\/pages\/5009\/revisions\/5012"}],"wp:attachment":[{"href":"https:\/\/www.traceysolicitors.ie\/pt-br\/wp-json\/wp\/v2\/media?parent=5009"}],"wp:term":[{"taxonomy":"category","embeddable":true,"href":"https:\/\/www.traceysolicitors.ie\/pt-br\/wp-json\/wp\/v2\/categories?post=5009"}],"curies":[{"name":"wp","href":"https:\/\/api.w.org\/{rel}","templated":true}]}}