{"id":4309,"date":"2021-09-13T12:20:13","date_gmt":"2021-09-13T11:20:13","guid":{"rendered":"https:\/\/www.traceysolicitors.ie\/zasady-w-zakresie-relacji-z-klientem\/"},"modified":"2021-09-13T12:20:13","modified_gmt":"2021-09-13T11:20:13","slug":"zasady-w-zakresie-relacji-z-klientem","status":"publish","type":"page","link":"https:\/\/www.traceysolicitors.ie\/pl\/zasady-w-zakresie-relacji-z-klientem\/","title":{"rendered":"Zasady w zakresie relacji z klientem"},"content":{"rendered":"","protected":false},"excerpt":{"rendered":"","protected":false},"author":13,"featured_media":0,"parent":0,"menu_order":191,"comment_status":"closed","ping_status":"closed","template":"text-only-page.php","meta":{"_acf_changed":false,"inline_featured_image":false,"footnotes":""},"categories":[116],"class_list":["post-4309","page","type-page","status-publish","hentry","category-o-tracey-solicitors"],"acf":[],"yoast_head":"<!-- This site is optimized with the Yoast SEO plugin v27.4 - https:\/\/yoast.com\/product\/yoast-seo-wordpress\/ -->\n<title>Zasady w zakresie relacji z klientem - Tracey Solicitors LLP<\/title>\n<meta name=\"description\" content=\"Wsp\u00f3\u0142praca Klienta i os\u00f3b trzecich z Kancelari\u0105\" \/>\n<meta name=\"robots\" content=\"index, follow, max-snippet:-1, max-image-preview:large, max-video-preview:-1\" \/>\n<link rel=\"canonical\" href=\"https:\/\/www.traceysolicitors.ie\/pl\/zasady-w-zakresie-relacji-z-klientem\/\" \/>\n<meta property=\"og:locale\" content=\"pl_PL\" \/>\n<meta property=\"og:type\" content=\"article\" \/>\n<meta property=\"og:title\" content=\"Zasady w zakresie relacji z klientem - Tracey Solicitors LLP\" \/>\n<meta property=\"og:description\" content=\"Wsp\u00f3\u0142praca Klienta i os\u00f3b trzecich z Kancelari\u0105\" \/>\n<meta property=\"og:url\" content=\"https:\/\/www.traceysolicitors.ie\/pl\/zasady-w-zakresie-relacji-z-klientem\/\" \/>\n<meta property=\"og:site_name\" content=\"Tracey Solicitors LLP\" \/>\n<meta name=\"twitter:card\" content=\"summary_large_image\" \/>\n<script type=\"application\/ld+json\" class=\"yoast-schema-graph\">{\"@context\":\"https:\\\/\\\/schema.org\",\"@graph\":[{\"@type\":\"WebPage\",\"@id\":\"https:\\\/\\\/www.traceysolicitors.ie\\\/pl\\\/zasady-w-zakresie-relacji-z-klientem\\\/\",\"url\":\"https:\\\/\\\/www.traceysolicitors.ie\\\/pl\\\/zasady-w-zakresie-relacji-z-klientem\\\/\",\"name\":\"Zasady w zakresie relacji z klientem - Tracey Solicitors LLP\",\"isPartOf\":{\"@id\":\"https:\\\/\\\/www.traceysolicitors.ie\\\/pl\\\/#website\"},\"datePublished\":\"2021-09-13T11:20:13+00:00\",\"description\":\"Wsp\u00f3\u0142praca Klienta i os\u00f3b trzecich z Kancelari\u0105\",\"breadcrumb\":{\"@id\":\"https:\\\/\\\/www.traceysolicitors.ie\\\/pl\\\/zasady-w-zakresie-relacji-z-klientem\\\/#breadcrumb\"},\"inLanguage\":\"pl-IE\",\"potentialAction\":[{\"@type\":\"ReadAction\",\"target\":[\"https:\\\/\\\/www.traceysolicitors.ie\\\/pl\\\/zasady-w-zakresie-relacji-z-klientem\\\/\"]}]},{\"@type\":\"BreadcrumbList\",\"@id\":\"https:\\\/\\\/www.traceysolicitors.ie\\\/pl\\\/zasady-w-zakresie-relacji-z-klientem\\\/#breadcrumb\",\"itemListElement\":[{\"@type\":\"ListItem\",\"position\":1,\"name\":\"Home\",\"item\":\"https:\\\/\\\/www.traceysolicitors.ie\\\/pl\\\/\"},{\"@type\":\"ListItem\",\"position\":2,\"name\":\"Zasady w zakresie relacji z klientem\"}]},{\"@type\":\"WebSite\",\"@id\":\"https:\\\/\\\/www.traceysolicitors.ie\\\/pl\\\/#website\",\"url\":\"https:\\\/\\\/www.traceysolicitors.ie\\\/pl\\\/\",\"name\":\"Tracey Solicitors LLP\",\"description\":\"Personal Injury Solicitors, Dublin\",\"publisher\":{\"@id\":\"https:\\\/\\\/www.traceysolicitors.ie\\\/pl\\\/#organization\"},\"potentialAction\":[{\"@type\":\"SearchAction\",\"target\":{\"@type\":\"EntryPoint\",\"urlTemplate\":\"https:\\\/\\\/www.traceysolicitors.ie\\\/pl\\\/?s={search_term_string}\"},\"query-input\":{\"@type\":\"PropertyValueSpecification\",\"valueRequired\":true,\"valueName\":\"search_term_string\"}}],\"inLanguage\":\"pl-IE\"},{\"@type\":\"Organization\",\"@id\":\"https:\\\/\\\/www.traceysolicitors.ie\\\/pl\\\/#organization\",\"name\":\"Tracey Solicitors LLP\",\"url\":\"https:\\\/\\\/www.traceysolicitors.ie\\\/pl\\\/\",\"logo\":{\"@type\":\"ImageObject\",\"inLanguage\":\"pl-IE\",\"@id\":\"https:\\\/\\\/www.traceysolicitors.ie\\\/pl\\\/#\\\/schema\\\/logo\\\/image\\\/\",\"url\":\"\",\"contentUrl\":\"\",\"caption\":\"Tracey Solicitors LLP\"},\"image\":{\"@id\":\"https:\\\/\\\/www.traceysolicitors.ie\\\/pl\\\/#\\\/schema\\\/logo\\\/image\\\/\"}}]}<\/script>\n<!-- \/ Yoast SEO plugin. -->","yoast_head_json":{"title":"Zasady w zakresie relacji z klientem - Tracey Solicitors LLP","description":"Wsp\u00f3\u0142praca Klienta i os\u00f3b trzecich z Kancelari\u0105","robots":{"index":"index","follow":"follow","max-snippet":"max-snippet:-1","max-image-preview":"max-image-preview:large","max-video-preview":"max-video-preview:-1"},"canonical":"https:\/\/www.traceysolicitors.ie\/pl\/zasady-w-zakresie-relacji-z-klientem\/","og_locale":"pl_PL","og_type":"article","og_title":"Zasady w zakresie relacji z klientem - Tracey Solicitors LLP","og_description":"Wsp\u00f3\u0142praca Klienta i os\u00f3b trzecich z Kancelari\u0105","og_url":"https:\/\/www.traceysolicitors.ie\/pl\/zasady-w-zakresie-relacji-z-klientem\/","og_site_name":"Tracey Solicitors LLP","twitter_card":"summary_large_image","schema":{"@context":"https:\/\/schema.org","@graph":[{"@type":"WebPage","@id":"https:\/\/www.traceysolicitors.ie\/pl\/zasady-w-zakresie-relacji-z-klientem\/","url":"https:\/\/www.traceysolicitors.ie\/pl\/zasady-w-zakresie-relacji-z-klientem\/","name":"Zasady w zakresie relacji z klientem - Tracey Solicitors LLP","isPartOf":{"@id":"https:\/\/www.traceysolicitors.ie\/pl\/#website"},"datePublished":"2021-09-13T11:20:13+00:00","description":"Wsp\u00f3\u0142praca Klienta i os\u00f3b trzecich z Kancelari\u0105","breadcrumb":{"@id":"https:\/\/www.traceysolicitors.ie\/pl\/zasady-w-zakresie-relacji-z-klientem\/#breadcrumb"},"inLanguage":"pl-IE","potentialAction":[{"@type":"ReadAction","target":["https:\/\/www.traceysolicitors.ie\/pl\/zasady-w-zakresie-relacji-z-klientem\/"]}]},{"@type":"BreadcrumbList","@id":"https:\/\/www.traceysolicitors.ie\/pl\/zasady-w-zakresie-relacji-z-klientem\/#breadcrumb","itemListElement":[{"@type":"ListItem","position":1,"name":"Home","item":"https:\/\/www.traceysolicitors.ie\/pl\/"},{"@type":"ListItem","position":2,"name":"Zasady w zakresie relacji z klientem"}]},{"@type":"WebSite","@id":"https:\/\/www.traceysolicitors.ie\/pl\/#website","url":"https:\/\/www.traceysolicitors.ie\/pl\/","name":"Tracey Solicitors LLP","description":"Personal Injury Solicitors, Dublin","publisher":{"@id":"https:\/\/www.traceysolicitors.ie\/pl\/#organization"},"potentialAction":[{"@type":"SearchAction","target":{"@type":"EntryPoint","urlTemplate":"https:\/\/www.traceysolicitors.ie\/pl\/?s={search_term_string}"},"query-input":{"@type":"PropertyValueSpecification","valueRequired":true,"valueName":"search_term_string"}}],"inLanguage":"pl-IE"},{"@type":"Organization","@id":"https:\/\/www.traceysolicitors.ie\/pl\/#organization","name":"Tracey Solicitors LLP","url":"https:\/\/www.traceysolicitors.ie\/pl\/","logo":{"@type":"ImageObject","inLanguage":"pl-IE","@id":"https:\/\/www.traceysolicitors.ie\/pl\/#\/schema\/logo\/image\/","url":"","contentUrl":"","caption":"Tracey Solicitors LLP"},"image":{"@id":"https:\/\/www.traceysolicitors.ie\/pl\/#\/schema\/logo\/image\/"}}]}},"_links":{"self":[{"href":"https:\/\/www.traceysolicitors.ie\/pl\/wp-json\/wp\/v2\/pages\/4309","targetHints":{"allow":["GET"]}}],"collection":[{"href":"https:\/\/www.traceysolicitors.ie\/pl\/wp-json\/wp\/v2\/pages"}],"about":[{"href":"https:\/\/www.traceysolicitors.ie\/pl\/wp-json\/wp\/v2\/types\/page"}],"author":[{"embeddable":true,"href":"https:\/\/www.traceysolicitors.ie\/pl\/wp-json\/wp\/v2\/users\/13"}],"replies":[{"embeddable":true,"href":"https:\/\/www.traceysolicitors.ie\/pl\/wp-json\/wp\/v2\/comments?post=4309"}],"version-history":[{"count":0,"href":"https:\/\/www.traceysolicitors.ie\/pl\/wp-json\/wp\/v2\/pages\/4309\/revisions"}],"wp:attachment":[{"href":"https:\/\/www.traceysolicitors.ie\/pl\/wp-json\/wp\/v2\/media?parent=4309"}],"wp:term":[{"taxonomy":"category","embeddable":true,"href":"https:\/\/www.traceysolicitors.ie\/pl\/wp-json\/wp\/v2\/categories?post=4309"}],"curies":[{"name":"wp","href":"https:\/\/api.w.org\/{rel}","templated":true}]}}