{"id":2334,"date":"2020-06-05T09:00:15","date_gmt":"2020-06-05T08:00:15","guid":{"rendered":"https:\/\/ts.pixelsoup.io\/polityka-prywatnosci\/"},"modified":"2025-04-25T11:15:31","modified_gmt":"2025-04-25T10:15:31","slug":"polityka-prywatnosci","status":"publish","type":"page","link":"https:\/\/www.traceysolicitors.ie\/pl\/polityka-prywatnosci\/","title":{"rendered":"Polityka prywatno\u015bci"},"content":{"rendered":"","protected":false},"excerpt":{"rendered":"","protected":false},"author":1,"featured_media":0,"parent":0,"menu_order":193,"comment_status":"closed","ping_status":"closed","template":"text-only-page.php","meta":{"_acf_changed":false,"inline_featured_image":false,"footnotes":""},"categories":[116],"class_list":["post-2334","page","type-page","status-publish","hentry","category-o-tracey-solicitors"],"acf":[],"yoast_head":"<!-- This site is optimized with the Yoast SEO plugin v27.4 - https:\/\/yoast.com\/product\/yoast-seo-wordpress\/ -->\n<title>Polityka prywatno\u015bci - Tracey Solicitors LLP<\/title>\n<meta name=\"description\" content=\"W pe\u0142ni szanujemy Pa\u0144stwa prawo do prywatno\u015bci i nie b\u0119dziemy gromadzi\u0107 \u017cadnych danych osobowych bez Pa\u0144stwa wyra\u017anej zgody.\" \/>\n<meta name=\"robots\" content=\"index, follow, max-snippet:-1, max-image-preview:large, max-video-preview:-1\" \/>\n<link rel=\"canonical\" href=\"https:\/\/www.traceysolicitors.ie\/pl\/polityka-prywatnosci\/\" \/>\n<meta property=\"og:locale\" content=\"pl_PL\" \/>\n<meta property=\"og:type\" content=\"article\" \/>\n<meta property=\"og:title\" content=\"Polityka prywatno\u015bci - Tracey Solicitors LLP\" \/>\n<meta property=\"og:description\" content=\"W pe\u0142ni szanujemy Pa\u0144stwa prawo do prywatno\u015bci i nie b\u0119dziemy gromadzi\u0107 \u017cadnych danych osobowych bez Pa\u0144stwa wyra\u017anej zgody.\" \/>\n<meta property=\"og:url\" content=\"https:\/\/www.traceysolicitors.ie\/pl\/polityka-prywatnosci\/\" \/>\n<meta property=\"og:site_name\" content=\"Tracey Solicitors LLP\" \/>\n<meta property=\"article:modified_time\" content=\"2025-04-25T10:15:31+00:00\" \/>\n<meta name=\"twitter:card\" content=\"summary_large_image\" \/>\n<script type=\"application\/ld+json\" class=\"yoast-schema-graph\">{\"@context\":\"https:\\\/\\\/schema.org\",\"@graph\":[{\"@type\":\"WebPage\",\"@id\":\"https:\\\/\\\/www.traceysolicitors.ie\\\/pl\\\/polityka-prywatnosci\\\/\",\"url\":\"https:\\\/\\\/www.traceysolicitors.ie\\\/pl\\\/polityka-prywatnosci\\\/\",\"name\":\"Polityka prywatno\u015bci - Tracey Solicitors LLP\",\"isPartOf\":{\"@id\":\"https:\\\/\\\/www.traceysolicitors.ie\\\/pl\\\/#website\"},\"datePublished\":\"2020-06-05T08:00:15+00:00\",\"dateModified\":\"2025-04-25T10:15:31+00:00\",\"description\":\"W pe\u0142ni szanujemy Pa\u0144stwa prawo do prywatno\u015bci i nie b\u0119dziemy gromadzi\u0107 \u017cadnych danych osobowych bez Pa\u0144stwa wyra\u017anej zgody.\",\"breadcrumb\":{\"@id\":\"https:\\\/\\\/www.traceysolicitors.ie\\\/pl\\\/polityka-prywatnosci\\\/#breadcrumb\"},\"inLanguage\":\"pl-IE\",\"potentialAction\":[{\"@type\":\"ReadAction\",\"target\":[\"https:\\\/\\\/www.traceysolicitors.ie\\\/pl\\\/polityka-prywatnosci\\\/\"]}]},{\"@type\":\"BreadcrumbList\",\"@id\":\"https:\\\/\\\/www.traceysolicitors.ie\\\/pl\\\/polityka-prywatnosci\\\/#breadcrumb\",\"itemListElement\":[{\"@type\":\"ListItem\",\"position\":1,\"name\":\"Home\",\"item\":\"https:\\\/\\\/www.traceysolicitors.ie\\\/pl\\\/\"},{\"@type\":\"ListItem\",\"position\":2,\"name\":\"Polityka prywatno\u015bci\"}]},{\"@type\":\"WebSite\",\"@id\":\"https:\\\/\\\/www.traceysolicitors.ie\\\/pl\\\/#website\",\"url\":\"https:\\\/\\\/www.traceysolicitors.ie\\\/pl\\\/\",\"name\":\"Tracey Solicitors LLP\",\"description\":\"Personal Injury Solicitors, Dublin\",\"publisher\":{\"@id\":\"https:\\\/\\\/www.traceysolicitors.ie\\\/pl\\\/#organization\"},\"potentialAction\":[{\"@type\":\"SearchAction\",\"target\":{\"@type\":\"EntryPoint\",\"urlTemplate\":\"https:\\\/\\\/www.traceysolicitors.ie\\\/pl\\\/?s={search_term_string}\"},\"query-input\":{\"@type\":\"PropertyValueSpecification\",\"valueRequired\":true,\"valueName\":\"search_term_string\"}}],\"inLanguage\":\"pl-IE\"},{\"@type\":\"Organization\",\"@id\":\"https:\\\/\\\/www.traceysolicitors.ie\\\/pl\\\/#organization\",\"name\":\"Tracey Solicitors LLP\",\"url\":\"https:\\\/\\\/www.traceysolicitors.ie\\\/pl\\\/\",\"logo\":{\"@type\":\"ImageObject\",\"inLanguage\":\"pl-IE\",\"@id\":\"https:\\\/\\\/www.traceysolicitors.ie\\\/pl\\\/#\\\/schema\\\/logo\\\/image\\\/\",\"url\":\"\",\"contentUrl\":\"\",\"caption\":\"Tracey Solicitors LLP\"},\"image\":{\"@id\":\"https:\\\/\\\/www.traceysolicitors.ie\\\/pl\\\/#\\\/schema\\\/logo\\\/image\\\/\"}}]}<\/script>\n<!-- \/ Yoast SEO plugin. -->","yoast_head_json":{"title":"Polityka prywatno\u015bci - Tracey Solicitors LLP","description":"W pe\u0142ni szanujemy Pa\u0144stwa prawo do prywatno\u015bci i nie b\u0119dziemy gromadzi\u0107 \u017cadnych danych osobowych bez Pa\u0144stwa wyra\u017anej zgody.","robots":{"index":"index","follow":"follow","max-snippet":"max-snippet:-1","max-image-preview":"max-image-preview:large","max-video-preview":"max-video-preview:-1"},"canonical":"https:\/\/www.traceysolicitors.ie\/pl\/polityka-prywatnosci\/","og_locale":"pl_PL","og_type":"article","og_title":"Polityka prywatno\u015bci - Tracey Solicitors LLP","og_description":"W pe\u0142ni szanujemy Pa\u0144stwa prawo do prywatno\u015bci i nie b\u0119dziemy gromadzi\u0107 \u017cadnych danych osobowych bez Pa\u0144stwa wyra\u017anej zgody.","og_url":"https:\/\/www.traceysolicitors.ie\/pl\/polityka-prywatnosci\/","og_site_name":"Tracey Solicitors LLP","article_modified_time":"2025-04-25T10:15:31+00:00","twitter_card":"summary_large_image","schema":{"@context":"https:\/\/schema.org","@graph":[{"@type":"WebPage","@id":"https:\/\/www.traceysolicitors.ie\/pl\/polityka-prywatnosci\/","url":"https:\/\/www.traceysolicitors.ie\/pl\/polityka-prywatnosci\/","name":"Polityka prywatno\u015bci - Tracey Solicitors LLP","isPartOf":{"@id":"https:\/\/www.traceysolicitors.ie\/pl\/#website"},"datePublished":"2020-06-05T08:00:15+00:00","dateModified":"2025-04-25T10:15:31+00:00","description":"W pe\u0142ni szanujemy Pa\u0144stwa prawo do prywatno\u015bci i nie b\u0119dziemy gromadzi\u0107 \u017cadnych danych osobowych bez Pa\u0144stwa wyra\u017anej zgody.","breadcrumb":{"@id":"https:\/\/www.traceysolicitors.ie\/pl\/polityka-prywatnosci\/#breadcrumb"},"inLanguage":"pl-IE","potentialAction":[{"@type":"ReadAction","target":["https:\/\/www.traceysolicitors.ie\/pl\/polityka-prywatnosci\/"]}]},{"@type":"BreadcrumbList","@id":"https:\/\/www.traceysolicitors.ie\/pl\/polityka-prywatnosci\/#breadcrumb","itemListElement":[{"@type":"ListItem","position":1,"name":"Home","item":"https:\/\/www.traceysolicitors.ie\/pl\/"},{"@type":"ListItem","position":2,"name":"Polityka prywatno\u015bci"}]},{"@type":"WebSite","@id":"https:\/\/www.traceysolicitors.ie\/pl\/#website","url":"https:\/\/www.traceysolicitors.ie\/pl\/","name":"Tracey Solicitors LLP","description":"Personal Injury Solicitors, Dublin","publisher":{"@id":"https:\/\/www.traceysolicitors.ie\/pl\/#organization"},"potentialAction":[{"@type":"SearchAction","target":{"@type":"EntryPoint","urlTemplate":"https:\/\/www.traceysolicitors.ie\/pl\/?s={search_term_string}"},"query-input":{"@type":"PropertyValueSpecification","valueRequired":true,"valueName":"search_term_string"}}],"inLanguage":"pl-IE"},{"@type":"Organization","@id":"https:\/\/www.traceysolicitors.ie\/pl\/#organization","name":"Tracey Solicitors LLP","url":"https:\/\/www.traceysolicitors.ie\/pl\/","logo":{"@type":"ImageObject","inLanguage":"pl-IE","@id":"https:\/\/www.traceysolicitors.ie\/pl\/#\/schema\/logo\/image\/","url":"","contentUrl":"","caption":"Tracey Solicitors LLP"},"image":{"@id":"https:\/\/www.traceysolicitors.ie\/pl\/#\/schema\/logo\/image\/"}}]}},"_links":{"self":[{"href":"https:\/\/www.traceysolicitors.ie\/pl\/wp-json\/wp\/v2\/pages\/2334","targetHints":{"allow":["GET"]}}],"collection":[{"href":"https:\/\/www.traceysolicitors.ie\/pl\/wp-json\/wp\/v2\/pages"}],"about":[{"href":"https:\/\/www.traceysolicitors.ie\/pl\/wp-json\/wp\/v2\/types\/page"}],"author":[{"embeddable":true,"href":"https:\/\/www.traceysolicitors.ie\/pl\/wp-json\/wp\/v2\/users\/1"}],"replies":[{"embeddable":true,"href":"https:\/\/www.traceysolicitors.ie\/pl\/wp-json\/wp\/v2\/comments?post=2334"}],"version-history":[{"count":1,"href":"https:\/\/www.traceysolicitors.ie\/pl\/wp-json\/wp\/v2\/pages\/2334\/revisions"}],"predecessor-version":[{"id":3157,"href":"https:\/\/www.traceysolicitors.ie\/pl\/wp-json\/wp\/v2\/pages\/2334\/revisions\/3157"}],"wp:attachment":[{"href":"https:\/\/www.traceysolicitors.ie\/pl\/wp-json\/wp\/v2\/media?parent=2334"}],"wp:term":[{"taxonomy":"category","embeddable":true,"href":"https:\/\/www.traceysolicitors.ie\/pl\/wp-json\/wp\/v2\/categories?post=2334"}],"curies":[{"name":"wp","href":"https:\/\/api.w.org\/{rel}","templated":true}]}}